{"id":99,"date":"2021-11-21T16:13:39","date_gmt":"2021-11-21T15:13:39","guid":{"rendered":"https:\/\/www.efie-erlangen.de\/WP\/?page_id=99"},"modified":"2025-05-03T10:57:13","modified_gmt":"2025-05-03T08:57:13","slug":"unterstuetzen","status":"publish","type":"page","link":"https:\/\/www.efie-erlangen.de\/WP\/unterstuetzen\/","title":{"rendered":"Unterst\u00fctzen"},"content":{"rendered":"\n<div class=\"wp-block-group\"><div class=\"wp-block-group__inner-container is-layout-constrained wp-block-group-is-layout-constrained\">\n<h2 class=\"wp-block-heading\" id=\"mitarbeit-bei-efie\">Mitarbeit bei EFIE \u2013 So kannst du mitmachen<\/h2>\n\n\n\n<p>Du m\u00f6chtest Gefl\u00fcchteten helfen und Teil von EFIE werden? Dann laden wir dich herzlich zu unserem Infoabend ein!<\/p>\n\n\n\n<p>Diesen Abend gibt es einmal im Monat. Dort stellen wir unseren Verein vor und erkl\u00e4ren, wie du dich einbringen kannst. Du kannst alle deine Fragen stellen und herausfinden, was am besten zu dir passt. Danach bekommst du die Unterlagen f\u00fcr die kostenlose Mitgliedschaft bei EFIE.<\/p>\n\n\n\n<p>F\u00fcr deine Anmeldung brauchen wir ein sogenanntes <em>erweitertes F\u00fchrungszeugnis<\/em>. Das bekommst du kostenlos per Post, wenn wir dir eine Bescheinigung f\u00fcr ehrenamtliche Arbeit ausstellen \u2013 oder wir beantragen es gesammelt f\u00fcr dich.<\/p>\n\n\n\n<p>Wenn du dich schon vorab informieren m\u00f6chtest \u2013 hier findest du alle <a href=\"https:\/\/www.efie-erlangen.de\/WP\/vereinsunterlagen\/\">Vereinsunterlagen<\/a>.<\/p>\n\n\n\n<p>Wenn du wissen m\u00f6chtest, wann der n\u00e4chste Infoabend stattfindet, dann melde dich einfach beim uns \u00fcber unser <a data-type=\"page\" data-id=\"168\" href=\"https:\/\/www.efie-erlangen.de\/WP\/kontakt-2\/\">Kontaktformular<\/a>.<\/p>\n\n\n\n<figure data-wp-context=\"{&quot;imageId&quot;:&quot;69e193b738475&quot;}\" data-wp-interactive=\"core\/image\" data-wp-key=\"69e193b738475\" class=\"wp-block-image size-large is-style-default wp-lightbox-container\"><img loading=\"lazy\" decoding=\"async\" width=\"1024\" height=\"462\" data-wp-class--hide=\"state.isContentHidden\" data-wp-class--show=\"state.isContentVisible\" data-wp-init=\"callbacks.setButtonStyles\" data-wp-on--click=\"actions.showLightbox\" data-wp-on--load=\"callbacks.setButtonStyles\" data-wp-on-window--resize=\"callbacks.setButtonStyles\" src=\"https:\/\/www.efie-erlangen.de\/WP\/wp-content\/uploads\/2022\/01\/pexels-alexander-suhorucov-6457563-2-1024x462.jpg\" alt=\"\" class=\"wp-image-691\" srcset=\"https:\/\/www.efie-erlangen.de\/WP\/wp-content\/uploads\/2022\/01\/pexels-alexander-suhorucov-6457563-2-1024x462.jpg 1024w, https:\/\/www.efie-erlangen.de\/WP\/wp-content\/uploads\/2022\/01\/pexels-alexander-suhorucov-6457563-2-300x135.jpg 300w, https:\/\/www.efie-erlangen.de\/WP\/wp-content\/uploads\/2022\/01\/pexels-alexander-suhorucov-6457563-2-768x346.jpg 768w, https:\/\/www.efie-erlangen.de\/WP\/wp-content\/uploads\/2022\/01\/pexels-alexander-suhorucov-6457563-2-1536x693.jpg 1536w, https:\/\/www.efie-erlangen.de\/WP\/wp-content\/uploads\/2022\/01\/pexels-alexander-suhorucov-6457563-2-2048x923.jpg 2048w, https:\/\/www.efie-erlangen.de\/WP\/wp-content\/uploads\/2022\/01\/pexels-alexander-suhorucov-6457563-2-1360x613.jpg 1360w\" sizes=\"auto, (max-width: 1024px) 100vw, 1024px\" \/><button\n\t\t\tclass=\"lightbox-trigger\"\n\t\t\ttype=\"button\"\n\t\t\taria-haspopup=\"dialog\"\n\t\t\taria-label=\"Vergr\u00f6\u00dfern\"\n\t\t\tdata-wp-init=\"callbacks.initTriggerButton\"\n\t\t\tdata-wp-on--click=\"actions.showLightbox\"\n\t\t\tdata-wp-style--right=\"state.imageButtonRight\"\n\t\t\tdata-wp-style--top=\"state.imageButtonTop\"\n\t\t>\n\t\t\t<svg xmlns=\"http:\/\/www.w3.org\/2000\/svg\" width=\"12\" height=\"12\" fill=\"none\" viewBox=\"0 0 12 12\">\n\t\t\t\t<path fill=\"#fff\" d=\"M2 0a2 2 0 0 0-2 2v2h1.5V2a.5.5 0 0 1 .5-.5h2V0H2Zm2 10.5H2a.5.5 0 0 1-.5-.5V8H0v2a2 2 0 0 0 2 2h2v-1.5ZM8 12v-1.5h2a.5.5 0 0 0 .5-.5V8H12v2a2 2 0 0 1-2 2H8Zm2-12a2 2 0 0 1 2 2v2h-1.5V2a.5.5 0 0 0-.5-.5H8V0h2Z\" \/>\n\t\t\t<\/svg>\n\t\t<\/button><\/figure>\n<\/div><\/div>\n","protected":false},"excerpt":{"rendered":"<p>Mitarbeit bei EFIE \u2013 So kannst du mitmachen Du m\u00f6chtest Gefl\u00fcchteten helfen und Teil von EFIE werden? Dann laden wir dich herzlich zu unserem Infoabend ein! Diesen Abend gibt es einmal im Monat. Dort stellen&hellip;<\/p>\n","protected":false},"author":6,"featured_media":0,"parent":0,"menu_order":0,"comment_status":"closed","ping_status":"closed","template":"templates\/template-full-width.php","meta":{"footnotes":""},"coauthors":[42],"class_list":["post-99","page","type-page","status-publish","hentry"],"yoast_head":"<!-- This site is optimized with the Yoast SEO plugin v25.5 - https:\/\/yoast.com\/wordpress\/plugins\/seo\/ -->\n<title>Unterst\u00fctzen - EFIE<\/title>\n<meta name=\"robots\" content=\"index, follow, max-snippet:-1, max-image-preview:large, max-video-preview:-1\" \/>\n<link rel=\"canonical\" href=\"https:\/\/www.efie-erlangen.de\/WP\/unterstuetzen\/\" \/>\n<meta property=\"og:locale\" content=\"de_DE\" \/>\n<meta property=\"og:type\" content=\"article\" \/>\n<meta property=\"og:title\" content=\"Unterst\u00fctzen - EFIE\" \/>\n<meta property=\"og:description\" content=\"Mitarbeit bei EFIE \u2013 So kannst du mitmachen Du m\u00f6chtest Gefl\u00fcchteten helfen und Teil von EFIE werden? Dann laden wir dich herzlich zu unserem Infoabend ein! Diesen Abend gibt es einmal im Monat. Dort stellen&hellip;\" \/>\n<meta property=\"og:url\" content=\"https:\/\/www.efie-erlangen.de\/WP\/unterstuetzen\/\" \/>\n<meta property=\"og:site_name\" content=\"EFIE\" \/>\n<meta property=\"article:modified_time\" content=\"2025-05-03T08:57:13+00:00\" \/>\n<meta property=\"og:image\" content=\"https:\/\/www.efie-erlangen.de\/WP\/wp-content\/uploads\/2022\/01\/pexels-alexander-suhorucov-6457563-2-scaled.jpg\" \/>\n\t<meta property=\"og:image:width\" content=\"2560\" \/>\n\t<meta property=\"og:image:height\" content=\"1154\" \/>\n\t<meta property=\"og:image:type\" content=\"image\/jpeg\" \/>\n<meta name=\"twitter:card\" content=\"summary_large_image\" \/>\n<meta name=\"twitter:label1\" content=\"Gesch\u00e4tzte Lesezeit\" \/>\n\t<meta name=\"twitter:data1\" content=\"1\u00a0Minute\" \/>\n\t<meta name=\"twitter:label2\" content=\"Written by\" \/>\n\t<meta name=\"twitter:data2\" content=\"Philipp\" \/>\n<script type=\"application\/ld+json\" class=\"yoast-schema-graph\">{\"@context\":\"https:\/\/schema.org\",\"@graph\":[{\"@type\":\"WebPage\",\"@id\":\"https:\/\/www.efie-erlangen.de\/WP\/unterstuetzen\/\",\"url\":\"https:\/\/www.efie-erlangen.de\/WP\/unterstuetzen\/\",\"name\":\"Unterst\u00fctzen - EFIE\",\"isPartOf\":{\"@id\":\"https:\/\/www.efie-erlangen.de\/WP\/#website\"},\"primaryImageOfPage\":{\"@id\":\"https:\/\/www.efie-erlangen.de\/WP\/unterstuetzen\/#primaryimage\"},\"image\":{\"@id\":\"https:\/\/www.efie-erlangen.de\/WP\/unterstuetzen\/#primaryimage\"},\"thumbnailUrl\":\"https:\/\/www.efie-erlangen.de\/WP\/wp-content\/uploads\/2022\/01\/pexels-alexander-suhorucov-6457563-2-1024x462.jpg\",\"datePublished\":\"2021-11-21T15:13:39+00:00\",\"dateModified\":\"2025-05-03T08:57:13+00:00\",\"breadcrumb\":{\"@id\":\"https:\/\/www.efie-erlangen.de\/WP\/unterstuetzen\/#breadcrumb\"},\"inLanguage\":\"de\",\"potentialAction\":[{\"@type\":\"ReadAction\",\"target\":[\"https:\/\/www.efie-erlangen.de\/WP\/unterstuetzen\/\"]}]},{\"@type\":\"ImageObject\",\"inLanguage\":\"de\",\"@id\":\"https:\/\/www.efie-erlangen.de\/WP\/unterstuetzen\/#primaryimage\",\"url\":\"https:\/\/www.efie-erlangen.de\/WP\/wp-content\/uploads\/2022\/01\/pexels-alexander-suhorucov-6457563-2-scaled.jpg\",\"contentUrl\":\"https:\/\/www.efie-erlangen.de\/WP\/wp-content\/uploads\/2022\/01\/pexels-alexander-suhorucov-6457563-2-scaled.jpg\",\"width\":2560,\"height\":1154},{\"@type\":\"BreadcrumbList\",\"@id\":\"https:\/\/www.efie-erlangen.de\/WP\/unterstuetzen\/#breadcrumb\",\"itemListElement\":[{\"@type\":\"ListItem\",\"position\":1,\"name\":\"Startseite\",\"item\":\"https:\/\/www.efie-erlangen.de\/WP\/\"},{\"@type\":\"ListItem\",\"position\":2,\"name\":\"Unterst\u00fctzen\"}]},{\"@type\":\"WebSite\",\"@id\":\"https:\/\/www.efie-erlangen.de\/WP\/#website\",\"url\":\"https:\/\/www.efie-erlangen.de\/WP\/\",\"name\":\"EFIE\",\"description\":\"Ehrenamtliche Fl\u00fcchtlingsbetreuung in Erlangen EFIE e.V.\",\"potentialAction\":[{\"@type\":\"SearchAction\",\"target\":{\"@type\":\"EntryPoint\",\"urlTemplate\":\"https:\/\/www.efie-erlangen.de\/WP\/?s={search_term_string}\"},\"query-input\":{\"@type\":\"PropertyValueSpecification\",\"valueRequired\":true,\"valueName\":\"search_term_string\"}}],\"inLanguage\":\"de\"}]}<\/script>\n<!-- \/ Yoast SEO plugin. -->","yoast_head_json":{"title":"Unterst\u00fctzen - EFIE","robots":{"index":"index","follow":"follow","max-snippet":"max-snippet:-1","max-image-preview":"max-image-preview:large","max-video-preview":"max-video-preview:-1"},"canonical":"https:\/\/www.efie-erlangen.de\/WP\/unterstuetzen\/","og_locale":"de_DE","og_type":"article","og_title":"Unterst\u00fctzen - EFIE","og_description":"Mitarbeit bei EFIE \u2013 So kannst du mitmachen Du m\u00f6chtest Gefl\u00fcchteten helfen und Teil von EFIE werden? Dann laden wir dich herzlich zu unserem Infoabend ein! Diesen Abend gibt es einmal im Monat. Dort stellen&hellip;","og_url":"https:\/\/www.efie-erlangen.de\/WP\/unterstuetzen\/","og_site_name":"EFIE","article_modified_time":"2025-05-03T08:57:13+00:00","og_image":[{"width":2560,"height":1154,"url":"https:\/\/www.efie-erlangen.de\/WP\/wp-content\/uploads\/2022\/01\/pexels-alexander-suhorucov-6457563-2-scaled.jpg","type":"image\/jpeg"}],"twitter_card":"summary_large_image","twitter_misc":{"Gesch\u00e4tzte Lesezeit":"1\u00a0Minute","Written by":"Philipp"},"schema":{"@context":"https:\/\/schema.org","@graph":[{"@type":"WebPage","@id":"https:\/\/www.efie-erlangen.de\/WP\/unterstuetzen\/","url":"https:\/\/www.efie-erlangen.de\/WP\/unterstuetzen\/","name":"Unterst\u00fctzen - EFIE","isPartOf":{"@id":"https:\/\/www.efie-erlangen.de\/WP\/#website"},"primaryImageOfPage":{"@id":"https:\/\/www.efie-erlangen.de\/WP\/unterstuetzen\/#primaryimage"},"image":{"@id":"https:\/\/www.efie-erlangen.de\/WP\/unterstuetzen\/#primaryimage"},"thumbnailUrl":"https:\/\/www.efie-erlangen.de\/WP\/wp-content\/uploads\/2022\/01\/pexels-alexander-suhorucov-6457563-2-1024x462.jpg","datePublished":"2021-11-21T15:13:39+00:00","dateModified":"2025-05-03T08:57:13+00:00","breadcrumb":{"@id":"https:\/\/www.efie-erlangen.de\/WP\/unterstuetzen\/#breadcrumb"},"inLanguage":"de","potentialAction":[{"@type":"ReadAction","target":["https:\/\/www.efie-erlangen.de\/WP\/unterstuetzen\/"]}]},{"@type":"ImageObject","inLanguage":"de","@id":"https:\/\/www.efie-erlangen.de\/WP\/unterstuetzen\/#primaryimage","url":"https:\/\/www.efie-erlangen.de\/WP\/wp-content\/uploads\/2022\/01\/pexels-alexander-suhorucov-6457563-2-scaled.jpg","contentUrl":"https:\/\/www.efie-erlangen.de\/WP\/wp-content\/uploads\/2022\/01\/pexels-alexander-suhorucov-6457563-2-scaled.jpg","width":2560,"height":1154},{"@type":"BreadcrumbList","@id":"https:\/\/www.efie-erlangen.de\/WP\/unterstuetzen\/#breadcrumb","itemListElement":[{"@type":"ListItem","position":1,"name":"Startseite","item":"https:\/\/www.efie-erlangen.de\/WP\/"},{"@type":"ListItem","position":2,"name":"Unterst\u00fctzen"}]},{"@type":"WebSite","@id":"https:\/\/www.efie-erlangen.de\/WP\/#website","url":"https:\/\/www.efie-erlangen.de\/WP\/","name":"EFIE","description":"Ehrenamtliche Fl\u00fcchtlingsbetreuung in Erlangen EFIE e.V.","potentialAction":[{"@type":"SearchAction","target":{"@type":"EntryPoint","urlTemplate":"https:\/\/www.efie-erlangen.de\/WP\/?s={search_term_string}"},"query-input":{"@type":"PropertyValueSpecification","valueRequired":true,"valueName":"search_term_string"}}],"inLanguage":"de"}]}},"_links":{"self":[{"href":"https:\/\/www.efie-erlangen.de\/WP\/wp-json\/wp\/v2\/pages\/99","targetHints":{"allow":["GET"]}}],"collection":[{"href":"https:\/\/www.efie-erlangen.de\/WP\/wp-json\/wp\/v2\/pages"}],"about":[{"href":"https:\/\/www.efie-erlangen.de\/WP\/wp-json\/wp\/v2\/types\/page"}],"author":[{"embeddable":true,"href":"https:\/\/www.efie-erlangen.de\/WP\/wp-json\/wp\/v2\/users\/6"}],"replies":[{"embeddable":true,"href":"https:\/\/www.efie-erlangen.de\/WP\/wp-json\/wp\/v2\/comments?post=99"}],"version-history":[{"count":25,"href":"https:\/\/www.efie-erlangen.de\/WP\/wp-json\/wp\/v2\/pages\/99\/revisions"}],"predecessor-version":[{"id":6137,"href":"https:\/\/www.efie-erlangen.de\/WP\/wp-json\/wp\/v2\/pages\/99\/revisions\/6137"}],"wp:attachment":[{"href":"https:\/\/www.efie-erlangen.de\/WP\/wp-json\/wp\/v2\/media?parent=99"}],"wp:term":[{"taxonomy":"author","embeddable":true,"href":"https:\/\/www.efie-erlangen.de\/WP\/wp-json\/wp\/v2\/coauthors?post=99"}],"curies":[{"name":"wp","href":"https:\/\/api.w.org\/{rel}","templated":true}]}}