{"id":82,"date":"2021-11-21T15:58:04","date_gmt":"2021-11-21T14:58:04","guid":{"rendered":"https:\/\/www.efie-erlangen.de\/WP\/?page_id=82"},"modified":"2026-01-31T12:48:19","modified_gmt":"2026-01-31T11:48:19","slug":"aktivitaeten","status":"publish","type":"page","link":"https:\/\/www.efie-erlangen.de\/WP\/aktivitaeten\/","title":{"rendered":"Aktivit\u00e4ten"},"content":{"rendered":"\n<div class=\"wp-block-group\"><div class=\"wp-block-group__inner-container is-layout-constrained wp-block-group-is-layout-constrained\">\n<p><strong>EFIE-Mitglieder helfen auf viele verschiedene Arten mit.<\/strong><\/p>\n\n\n\n<p>Jede*r entscheidet selbst, wie viel Zeit und Energie sie oder er einbringen m\u00f6chte.<\/p>\n\n\n\n<p>Wenn du Fragen hast oder Unterst\u00fctzung brauchst, sind erfahrene Mitglieder und der Vorstand immer f\u00fcr dich da.<\/p>\n\n\n\n<p>Auch in schwierigen Situationen bist du nicht allein \u2013 wir bieten Fortbildungen und die M\u00f6glichkeit zur Supervision an.<\/p>\n\n\n\n<p>Wenn du bei EFIE mithelfen m\u00f6chtest, findest du auf <a href=\"https:\/\/www.efie-erlangen.de\/WP\/unterstuetzen\/\">dieser Seite<\/a> mehr Infos.<\/p>\n<\/div><\/div>\n\n\n\n<div class=\"wp-block-group alignwide is-vertical is-layout-flex wp-container-core-group-is-layout-8cf370e7 wp-block-group-is-layout-flex\">\n<div class=\"wp-block-media-text alignwide is-stacked-on-mobile is-vertically-aligned-center\" style=\"grid-template-columns:20% auto\"><figure class=\"wp-block-media-text__media\"><img loading=\"lazy\" decoding=\"async\" width=\"847\" height=\"1024\" src=\"https:\/\/www.efie-erlangen.de\/WP\/wp-content\/uploads\/2024\/01\/Hausaufgabenbetreuung-847x1024.jpeg\" alt=\"\" class=\"wp-image-3617 size-full\" srcset=\"https:\/\/www.efie-erlangen.de\/WP\/wp-content\/uploads\/2024\/01\/Hausaufgabenbetreuung-847x1024.jpeg 847w, https:\/\/www.efie-erlangen.de\/WP\/wp-content\/uploads\/2024\/01\/Hausaufgabenbetreuung-248x300.jpeg 248w, https:\/\/www.efie-erlangen.de\/WP\/wp-content\/uploads\/2024\/01\/Hausaufgabenbetreuung-768x929.jpeg 768w, https:\/\/www.efie-erlangen.de\/WP\/wp-content\/uploads\/2024\/01\/Hausaufgabenbetreuung.jpeg 1002w\" sizes=\"auto, (max-width: 847px) 100vw, 847px\" \/><\/figure><div class=\"wp-block-media-text__content\">\n<h2 class=\"wp-block-heading\" id=\"hausaufgabenhilfe\" style=\"font-size:25px\">Hausaufgabenhilfe<\/h2>\n\n\n\n<p><strong>In der Einzelbetreuung unterst\u00fctzen EFIEs Sch\u00fclerinnen und Sch\u00fcler beim Lernen und bei den Hausaufgaben.<\/strong><\/p>\n\n\n\n<p>Dabei entsteht oft ein sch\u00f6ner Austausch zwischen Kulturen \u2013 und manchmal sogar echte Freundschaften.<\/p>\n\n\n\n<p><strong>Die Hausaufgabengruppe bietet zwei M\u00f6glichkeiten der Unterst\u00fctzung<\/strong><\/p>\n\n\n\n<p>Ehrenamtliche k\u00f6nnen entweder eine feste 1-zu-1-Begleitung \u00fcbernehmen oder in der Gruppennachhilfe mitmachen.<\/p>\n\n\n\n<p>Bei der Gruppennachhilfe wechselt das Helferteam jede Woche, die Anzahl der Sch\u00fcler*innen bleibt gleich. So ist auch ein flexibles Engagement m\u00f6glich.<\/p>\n\n\n\n<p>Wenn du Lust hast, bei der Hausaufgabenbetreuung mitzumachen, melde dich einfach \u00fcber unser Kontaktformular:<\/p>\n\n\n\n<p><a href=\"https:\/\/www.efie-erlangen.de\/WP\/kontakt-hausaufgabenbetreuung\/\" data-type=\"page\" data-id=\"388\">Kontakt Hausaufgabenbetreuung<\/a><\/p>\n\n\n\n<p>Damit die Nachhilfe spannend und abwechslungsreich bleibt, haben wir f\u00fcr euch verschiedene Online-Lernseiten und Programme gesammelt.<br>Eine \u00dcbersicht findet ihr <a data-type=\"URL\" data-id=\"https:\/\/wiki.grammaster.de\/index.php?title=EFIE\" href=\"https:\/\/wiki.grammaster.de\/index.php?title=EFIE\" target=\"_blank\" rel=\"noreferrer noopener\">HIER<\/a>.<\/p>\n<\/div><\/div>\n\n\n\n<div class=\"wp-block-media-text alignwide has-media-on-the-right is-stacked-on-mobile is-vertically-aligned-center\" style=\"grid-template-columns:auto 20%\"><div class=\"wp-block-media-text__content\">\n<h2 class=\"wp-block-heading has-text-align-left\" id=\"sprachbegleitung\">Sprachbegleitung<\/h2>\n\n\n\n<p>Viele Ehrenamtliche treffen sich regelm\u00e4\u00dfig mit Gefl\u00fcchteten, um zusammen die deutsche Sprache zu \u00fcben.<\/p>\n\n\n\n<p>Dabei geht es um viele verschiedene Themen \u2013 von allt\u00e4glichen Gespr\u00e4chen bis hin zu Unterst\u00fctzung bei Sprachproblemen in der Ausbildung oder im Beruf.<\/p>\n\n\n\n<p>Auch bei der Sprachbegleitung bieten wir zwei M\u00f6glichkeiten der Unterst\u00fctzung:<br>Ehrenamtliche k\u00f6nnen entweder eine feste 1-zu-1-Begleitung \u00fcbernehmen oder in der Gruppennachhilfe mithelfen.<\/p>\n\n\n\n<p>In der Gruppennachhilfe wechselt das Helferteam jede Woche, aber die Anzahl der Teilnehmenden bleibt gleich. So bleibt dein Engagement flexibel und anpassbar.<\/p>\n\n\n\n<p>Wenn du Lust hast, bei der Sprachbegleitung mitzumachen, melde dich einfach \u00fcber unser Kontaktformular: <a data-type=\"page\" data-id=\"168\" href=\"https:\/\/www.efie-erlangen.de\/WP\/kontakt-2\/\"><\/a><a data-type=\"page\" data-id=\"168\" href=\"https:\/\/www.efie-erlangen.de\/WP\/kontakt-2\/\">Kontaktformular<\/a>.<\/p>\n<\/div><figure class=\"wp-block-media-text__media\"><img loading=\"lazy\" decoding=\"async\" width=\"683\" height=\"1024\" src=\"https:\/\/www.efie-erlangen.de\/WP\/wp-content\/uploads\/2021\/12\/pexels-yan-krukov-8837734-683x1024.jpg\" alt=\"\" class=\"wp-image-235 size-full\" srcset=\"https:\/\/www.efie-erlangen.de\/WP\/wp-content\/uploads\/2021\/12\/pexels-yan-krukov-8837734-683x1024.jpg 683w, https:\/\/www.efie-erlangen.de\/WP\/wp-content\/uploads\/2021\/12\/pexels-yan-krukov-8837734-200x300.jpg 200w, https:\/\/www.efie-erlangen.de\/WP\/wp-content\/uploads\/2021\/12\/pexels-yan-krukov-8837734-768x1152.jpg 768w, https:\/\/www.efie-erlangen.de\/WP\/wp-content\/uploads\/2021\/12\/pexels-yan-krukov-8837734-1024x1536.jpg 1024w, https:\/\/www.efie-erlangen.de\/WP\/wp-content\/uploads\/2021\/12\/pexels-yan-krukov-8837734-1365x2048.jpg 1365w, https:\/\/www.efie-erlangen.de\/WP\/wp-content\/uploads\/2021\/12\/pexels-yan-krukov-8837734-1360x2040.jpg 1360w, https:\/\/www.efie-erlangen.de\/WP\/wp-content\/uploads\/2021\/12\/pexels-yan-krukov-8837734-scaled.jpg 1707w\" sizes=\"auto, (max-width: 683px) 100vw, 683px\" \/><\/figure><\/div>\n\n\n\n<div class=\"wp-block-media-text alignwide is-stacked-on-mobile is-vertically-aligned-center\" style=\"grid-template-columns:40% auto\"><figure class=\"wp-block-media-text__media\"><img loading=\"lazy\" decoding=\"async\" width=\"492\" height=\"250\" src=\"https:\/\/www.efie-erlangen.de\/WP\/wp-content\/uploads\/2021\/12\/EFIE_Slider_14_hoch.jpg\" alt=\"\" class=\"wp-image-241 size-full\" srcset=\"https:\/\/www.efie-erlangen.de\/WP\/wp-content\/uploads\/2021\/12\/EFIE_Slider_14_hoch.jpg 492w, https:\/\/www.efie-erlangen.de\/WP\/wp-content\/uploads\/2021\/12\/EFIE_Slider_14_hoch-300x152.jpg 300w\" sizes=\"auto, (max-width: 492px) 100vw, 492px\" \/><\/figure><div class=\"wp-block-media-text__content\">\n<h2 class=\"wp-block-heading\" id=\"familienbegleitung\" style=\"font-size:24px\">Familienbegleitung<\/h2>\n\n\n\n<p>EFIEs unterst\u00fctzen Gefl\u00fcchtete in vielen Bereichen des Alltags.<\/p>\n\n\n\n<p>Sie helfen dabei, allt\u00e4gliche Aufgaben zu meistern und erkl\u00e4ren wichtige amtliche Schreiben sowie Vorg\u00e4nge, die oft schwer verst\u00e4ndlich sind.<\/p>\n\n\n\n<p>Au\u00dferdem begleiten sie bei Beh\u00f6rdeng\u00e4ngen und stehen bei Bewerbungen sowie offiziellen Schreiben zur Seite, um sicherzustellen, dass keine wichtigen Schritte \u00fcbersehen werden.<\/p>\n\n\n\n<p>Dabei bieten wir sowohl eine 1-zu-1-Begleitung als auch Unterst\u00fctzung in einem Team an. Das Team trifft sich alle zwei Wochen zu festen Terminen, um gemeinsam bei auftretenden Problemen zu helfen und L\u00f6sungen zu finden.<\/p>\n\n\n\n<p>Wenn du Interesse hast, bei der Familienbegleitung zu unterst\u00fctzen, dann melde dich einfach \u00fcber unser Kontaktformular: <a data-type=\"page\" data-id=\"168\" href=\"https:\/\/www.efie-erlangen.de\/WP\/kontakt-2\/\">Kontaktformular<\/a>.<\/p>\n<\/div><\/div>\n\n\n\n<div class=\"wp-block-media-text alignwide has-media-on-the-right is-stacked-on-mobile is-vertically-aligned-center\" style=\"grid-template-columns:auto 20%\"><div class=\"wp-block-media-text__content\">\n<h2 class=\"wp-block-heading\" id=\"umzugshilfe\"><strong>Umzugshilfe<\/strong><\/h2>\n\n\n\n<p>EFIEs unterst\u00fctzen bei Umz\u00fcgen, indem sie als Fahrer*innen f\u00fcr Transporter oder Autos mit Anh\u00e4ngern zur Verf\u00fcgung stehen. Auch bei der Montage von Lampen, M\u00f6beln oder anderen Dingen helfen wir gerne.<\/p>\n\n\n\n<p>EFIE setzt sich nicht nur bei der Organisation und Vermittlung ein, sondern \u00fcbernimmt auch die anfallenden Kosten f\u00fcr gemietete Transporter oder Anh\u00e4nger.<\/p>\n\n\n\n<p>Wenn du dazu Fragen hast, melde dich einfach bei uns.<\/p>\n\n\n\n<p>Wenn du Gefl\u00fcchteten beim Umzug helfen m\u00f6chtest, dann melde dich einfach \u00fcber unser Kontaktformular: <a data-type=\"URL\" data-id=\"https:\/\/www.efie-erlangen.de\/WP\/kontakt-2\/\" href=\"https:\/\/www.efie-erlangen.de\/WP\/kontakt-2\/\">Kontakt Umz\u00fcge<\/a><\/p>\n<\/div><figure class=\"wp-block-media-text__media\"><img loading=\"lazy\" decoding=\"async\" width=\"478\" height=\"692\" src=\"https:\/\/www.efie-erlangen.de\/WP\/wp-content\/uploads\/2024\/04\/pexels-ketut-subiyanto-4247766-683x1024-1.jpg\" alt=\"\" class=\"wp-image-4093 size-full\" srcset=\"https:\/\/www.efie-erlangen.de\/WP\/wp-content\/uploads\/2024\/04\/pexels-ketut-subiyanto-4247766-683x1024-1.jpg 478w, https:\/\/www.efie-erlangen.de\/WP\/wp-content\/uploads\/2024\/04\/pexels-ketut-subiyanto-4247766-683x1024-1-207x300.jpg 207w\" sizes=\"auto, (max-width: 478px) 100vw, 478px\" \/><\/figure><\/div>\n<\/div>\n","protected":false},"excerpt":{"rendered":"<p>EFIE-Mitglieder helfen auf viele verschiedene Arten mit. Jede*r entscheidet selbst, wie viel Zeit und Energie sie oder er einbringen m\u00f6chte. Wenn du Fragen hast oder Unterst\u00fctzung brauchst, sind erfahrene Mitglieder und der Vorstand immer f\u00fcr&hellip;<\/p>\n","protected":false},"author":6,"featured_media":0,"parent":0,"menu_order":0,"comment_status":"closed","ping_status":"closed","template":"","meta":{"footnotes":""},"coauthors":[42],"class_list":["post-82","page","type-page","status-publish","hentry"],"yoast_head":"<!-- This site is optimized with the Yoast SEO plugin v27.4 - https:\/\/yoast.com\/product\/yoast-seo-wordpress\/ -->\n<title>Aktivit\u00e4ten - EFIE<\/title>\n<meta name=\"robots\" content=\"index, follow, max-snippet:-1, max-image-preview:large, max-video-preview:-1\" \/>\n<link rel=\"canonical\" href=\"https:\/\/www.efie-erlangen.de\/WP\/aktivitaeten\/\" \/>\n<meta property=\"og:locale\" content=\"de_DE\" \/>\n<meta property=\"og:type\" content=\"article\" \/>\n<meta property=\"og:title\" content=\"Aktivit\u00e4ten - EFIE\" \/>\n<meta property=\"og:description\" content=\"EFIE-Mitglieder helfen auf viele verschiedene Arten mit. Jede*r entscheidet selbst, wie viel Zeit und Energie sie oder er einbringen m\u00f6chte. Wenn du Fragen hast oder Unterst\u00fctzung brauchst, sind erfahrene Mitglieder und der Vorstand immer f\u00fcr&hellip;\" \/>\n<meta property=\"og:url\" content=\"https:\/\/www.efie-erlangen.de\/WP\/aktivitaeten\/\" \/>\n<meta property=\"og:site_name\" content=\"EFIE\" \/>\n<meta property=\"article:modified_time\" content=\"2026-01-31T11:48:19+00:00\" \/>\n<meta property=\"og:image\" content=\"https:\/\/www.efie-erlangen.de\/WP\/wp-content\/uploads\/2024\/01\/Hausaufgabenbetreuung.jpeg\" \/>\n\t<meta property=\"og:image:width\" content=\"1002\" \/>\n\t<meta property=\"og:image:height\" content=\"1212\" \/>\n\t<meta property=\"og:image:type\" content=\"image\/jpeg\" \/>\n<meta name=\"twitter:card\" content=\"summary_large_image\" \/>\n<meta name=\"twitter:label1\" content=\"Gesch\u00e4tzte Lesezeit\" \/>\n\t<meta name=\"twitter:data1\" content=\"4\u00a0Minuten\" \/>\n\t<meta name=\"twitter:label2\" content=\"Written by\" \/>\n\t<meta name=\"twitter:data2\" content=\"Philipp\" \/>\n<script type=\"application\/ld+json\" class=\"yoast-schema-graph\">{\"@context\":\"https:\\\/\\\/schema.org\",\"@graph\":[{\"@type\":\"WebPage\",\"@id\":\"https:\\\/\\\/www.efie-erlangen.de\\\/WP\\\/aktivitaeten\\\/\",\"url\":\"https:\\\/\\\/www.efie-erlangen.de\\\/WP\\\/aktivitaeten\\\/\",\"name\":\"Aktivit\u00e4ten - EFIE\",\"isPartOf\":{\"@id\":\"https:\\\/\\\/www.efie-erlangen.de\\\/WP\\\/#website\"},\"primaryImageOfPage\":{\"@id\":\"https:\\\/\\\/www.efie-erlangen.de\\\/WP\\\/aktivitaeten\\\/#primaryimage\"},\"image\":{\"@id\":\"https:\\\/\\\/www.efie-erlangen.de\\\/WP\\\/aktivitaeten\\\/#primaryimage\"},\"thumbnailUrl\":\"https:\\\/\\\/www.efie-erlangen.de\\\/WP\\\/wp-content\\\/uploads\\\/2024\\\/01\\\/Hausaufgabenbetreuung-847x1024.jpeg\",\"datePublished\":\"2021-11-21T14:58:04+00:00\",\"dateModified\":\"2026-01-31T11:48:19+00:00\",\"breadcrumb\":{\"@id\":\"https:\\\/\\\/www.efie-erlangen.de\\\/WP\\\/aktivitaeten\\\/#breadcrumb\"},\"inLanguage\":\"de\",\"potentialAction\":[{\"@type\":\"ReadAction\",\"target\":[\"https:\\\/\\\/www.efie-erlangen.de\\\/WP\\\/aktivitaeten\\\/\"]}]},{\"@type\":\"ImageObject\",\"inLanguage\":\"de\",\"@id\":\"https:\\\/\\\/www.efie-erlangen.de\\\/WP\\\/aktivitaeten\\\/#primaryimage\",\"url\":\"https:\\\/\\\/www.efie-erlangen.de\\\/WP\\\/wp-content\\\/uploads\\\/2024\\\/01\\\/Hausaufgabenbetreuung.jpeg\",\"contentUrl\":\"https:\\\/\\\/www.efie-erlangen.de\\\/WP\\\/wp-content\\\/uploads\\\/2024\\\/01\\\/Hausaufgabenbetreuung.jpeg\",\"width\":1002,\"height\":1212},{\"@type\":\"BreadcrumbList\",\"@id\":\"https:\\\/\\\/www.efie-erlangen.de\\\/WP\\\/aktivitaeten\\\/#breadcrumb\",\"itemListElement\":[{\"@type\":\"ListItem\",\"position\":1,\"name\":\"Startseite\",\"item\":\"https:\\\/\\\/www.efie-erlangen.de\\\/WP\\\/\"},{\"@type\":\"ListItem\",\"position\":2,\"name\":\"Aktivit\u00e4ten\"}]},{\"@type\":\"WebSite\",\"@id\":\"https:\\\/\\\/www.efie-erlangen.de\\\/WP\\\/#website\",\"url\":\"https:\\\/\\\/www.efie-erlangen.de\\\/WP\\\/\",\"name\":\"EFIE\",\"description\":\"Ehrenamtliche Fl\u00fcchtlingsbetreuung in Erlangen EFIE e.V.\",\"potentialAction\":[{\"@type\":\"SearchAction\",\"target\":{\"@type\":\"EntryPoint\",\"urlTemplate\":\"https:\\\/\\\/www.efie-erlangen.de\\\/WP\\\/?s={search_term_string}\"},\"query-input\":{\"@type\":\"PropertyValueSpecification\",\"valueRequired\":true,\"valueName\":\"search_term_string\"}}],\"inLanguage\":\"de\"}]}<\/script>\n<!-- \/ Yoast SEO plugin. -->","yoast_head_json":{"title":"Aktivit\u00e4ten - EFIE","robots":{"index":"index","follow":"follow","max-snippet":"max-snippet:-1","max-image-preview":"max-image-preview:large","max-video-preview":"max-video-preview:-1"},"canonical":"https:\/\/www.efie-erlangen.de\/WP\/aktivitaeten\/","og_locale":"de_DE","og_type":"article","og_title":"Aktivit\u00e4ten - EFIE","og_description":"EFIE-Mitglieder helfen auf viele verschiedene Arten mit. Jede*r entscheidet selbst, wie viel Zeit und Energie sie oder er einbringen m\u00f6chte. Wenn du Fragen hast oder Unterst\u00fctzung brauchst, sind erfahrene Mitglieder und der Vorstand immer f\u00fcr&hellip;","og_url":"https:\/\/www.efie-erlangen.de\/WP\/aktivitaeten\/","og_site_name":"EFIE","article_modified_time":"2026-01-31T11:48:19+00:00","og_image":[{"width":1002,"height":1212,"url":"https:\/\/www.efie-erlangen.de\/WP\/wp-content\/uploads\/2024\/01\/Hausaufgabenbetreuung.jpeg","type":"image\/jpeg"}],"twitter_card":"summary_large_image","twitter_misc":{"Gesch\u00e4tzte Lesezeit":"4\u00a0Minuten","Written by":"Philipp"},"schema":{"@context":"https:\/\/schema.org","@graph":[{"@type":"WebPage","@id":"https:\/\/www.efie-erlangen.de\/WP\/aktivitaeten\/","url":"https:\/\/www.efie-erlangen.de\/WP\/aktivitaeten\/","name":"Aktivit\u00e4ten - EFIE","isPartOf":{"@id":"https:\/\/www.efie-erlangen.de\/WP\/#website"},"primaryImageOfPage":{"@id":"https:\/\/www.efie-erlangen.de\/WP\/aktivitaeten\/#primaryimage"},"image":{"@id":"https:\/\/www.efie-erlangen.de\/WP\/aktivitaeten\/#primaryimage"},"thumbnailUrl":"https:\/\/www.efie-erlangen.de\/WP\/wp-content\/uploads\/2024\/01\/Hausaufgabenbetreuung-847x1024.jpeg","datePublished":"2021-11-21T14:58:04+00:00","dateModified":"2026-01-31T11:48:19+00:00","breadcrumb":{"@id":"https:\/\/www.efie-erlangen.de\/WP\/aktivitaeten\/#breadcrumb"},"inLanguage":"de","potentialAction":[{"@type":"ReadAction","target":["https:\/\/www.efie-erlangen.de\/WP\/aktivitaeten\/"]}]},{"@type":"ImageObject","inLanguage":"de","@id":"https:\/\/www.efie-erlangen.de\/WP\/aktivitaeten\/#primaryimage","url":"https:\/\/www.efie-erlangen.de\/WP\/wp-content\/uploads\/2024\/01\/Hausaufgabenbetreuung.jpeg","contentUrl":"https:\/\/www.efie-erlangen.de\/WP\/wp-content\/uploads\/2024\/01\/Hausaufgabenbetreuung.jpeg","width":1002,"height":1212},{"@type":"BreadcrumbList","@id":"https:\/\/www.efie-erlangen.de\/WP\/aktivitaeten\/#breadcrumb","itemListElement":[{"@type":"ListItem","position":1,"name":"Startseite","item":"https:\/\/www.efie-erlangen.de\/WP\/"},{"@type":"ListItem","position":2,"name":"Aktivit\u00e4ten"}]},{"@type":"WebSite","@id":"https:\/\/www.efie-erlangen.de\/WP\/#website","url":"https:\/\/www.efie-erlangen.de\/WP\/","name":"EFIE","description":"Ehrenamtliche Fl\u00fcchtlingsbetreuung in Erlangen EFIE e.V.","potentialAction":[{"@type":"SearchAction","target":{"@type":"EntryPoint","urlTemplate":"https:\/\/www.efie-erlangen.de\/WP\/?s={search_term_string}"},"query-input":{"@type":"PropertyValueSpecification","valueRequired":true,"valueName":"search_term_string"}}],"inLanguage":"de"}]}},"_links":{"self":[{"href":"https:\/\/www.efie-erlangen.de\/WP\/wp-json\/wp\/v2\/pages\/82","targetHints":{"allow":["GET"]}}],"collection":[{"href":"https:\/\/www.efie-erlangen.de\/WP\/wp-json\/wp\/v2\/pages"}],"about":[{"href":"https:\/\/www.efie-erlangen.de\/WP\/wp-json\/wp\/v2\/types\/page"}],"author":[{"embeddable":true,"href":"https:\/\/www.efie-erlangen.de\/WP\/wp-json\/wp\/v2\/users\/6"}],"replies":[{"embeddable":true,"href":"https:\/\/www.efie-erlangen.de\/WP\/wp-json\/wp\/v2\/comments?post=82"}],"version-history":[{"count":51,"href":"https:\/\/www.efie-erlangen.de\/WP\/wp-json\/wp\/v2\/pages\/82\/revisions"}],"predecessor-version":[{"id":7637,"href":"https:\/\/www.efie-erlangen.de\/WP\/wp-json\/wp\/v2\/pages\/82\/revisions\/7637"}],"wp:attachment":[{"href":"https:\/\/www.efie-erlangen.de\/WP\/wp-json\/wp\/v2\/media?parent=82"}],"wp:term":[{"taxonomy":"author","embeddable":true,"href":"https:\/\/www.efie-erlangen.de\/WP\/wp-json\/wp\/v2\/coauthors?post=82"}],"curies":[{"name":"wp","href":"https:\/\/api.w.org\/{rel}","templated":true}]}}