{"id":46,"date":"2021-11-15T22:16:57","date_gmt":"2021-11-15T21:16:57","guid":{"rendered":"https:\/\/www.efie-erlangen.de\/WP\/?page_id=46"},"modified":"2026-02-21T09:40:47","modified_gmt":"2026-02-21T08:40:47","slug":"ueber-uns-2","status":"publish","type":"page","link":"https:\/\/www.efie-erlangen.de\/WP\/","title":{"rendered":"Willkommen"},"content":{"rendered":"\n<div class=\"wp-block-group\"><div class=\"wp-block-group__inner-container is-layout-constrained wp-block-group-is-layout-constrained\">\n<p><strong>EFIE <\/strong>ist ein Zusammenschluss engagierter B\u00fcrgerinnen und B\u00fcrger, die Asylsuchende sowie Gefl\u00fcchtete ehrenamtlich begleitet. Wir sind \u00fcberzeugt, dass niemand seine Heimat ohne Not verl\u00e4sst, um in einem fremden Land unter primitiven Verh\u00e4ltnissen zu leben und restriktive Ma\u00dfnahmen zu erdulden. Unser Ziel ist, Menschen, die in Deutschland Zuflucht suchen, willkommen zu hei\u00dfen und ihnen zu helfen,&nbsp;im Alltag zurechtzukommen.&nbsp;<\/p>\n\n\n\n<p><strong>EFIE <\/strong>wurde im Jahr 2001 von engagierten Erlanger B\u00fcrgerinnen und B\u00fcrgern, die schon jahrelang Gefl\u00fcchtete in Eigeninitiative betreut hatten, gegr\u00fcndet, um ihre Arbeit auf eine breitere Basis zu stellen.<\/p>\n\n\n\n<p><strong>EFIE <\/strong>steht f\u00fcr Toleranz, Akzeptanz und Offenheit. Wir betrachten es als selbstverst\u00e4ndlich, Menschen, die in Deutschland Schutz suchen, unsere Unterst\u00fctzung anzubieten und ihnen dabei zu helfen, sich in ihrer neuen Umgebung zurechtzufinden.&nbsp; &nbsp; <\/p>\n\n\n\n<p><strong>EFIE <\/strong>ist unabh\u00e4ngig von staatlichen und kirchlichen Einrichtungen. Unsere Mitglieder&nbsp;sind ehrenamtlich t\u00e4tig, sie erhalten weder Aufwandsentsch\u00e4digungen noch Ehrenamtspauschalen.<\/p>\n\n\n\n<p><strong>EFIE <\/strong>begleitet \u00fcberwiegend Menschen mit einem ungesicherten Aufenthaltsstatus, das hei\u00dft, Personen im Asylverfahren (Asylbewerber) und geduldete Personen.<\/p>\n\n\n\n<p><strong>EFIE <\/strong>k\u00fcmmert sich aber auch um Personen mit einem festen Status, das hei\u00dft, Menschen, deren Asylverfahren Erfolg hatte und die aus den Gemeinschaftsunterk\u00fcnften (GU) ausziehen durften.&nbsp;<\/p>\n<\/div><\/div>\n\n\n\n<hr class=\"wp-block-separator has-alpha-channel-opacity\"\/>\n\n\n\n<h3 class=\"wp-block-heading\">Unser Motto hei\u00df &#8222;Gemeinsam stark f\u00fcr Gefl\u00fcchtete&#8220; daher&#8230;<\/h3>\n\n\n\n<h4 class=\"wp-block-heading\">&#8230; ist EFIE Gestalter und Erstunterzeichner der Erlanger Erkl\u00e4rung f\u00fcr Vielfalt, Respekt und Toleranz<\/h4>\n\n\n\n<p>Erlangen ist heute eine moderne, vielf\u00e4ltige und lebendige Gro\u00dfstadt. Tagt\u00e4glich st\u00e4rken Menschen in zahlreichen Organisationen das gute Zusammenleben. Durch aktives Engagement der Zivilgesellschaft, Wirtschaft und \u00f6ffentlichen Einrichtungen tr\u00e4gt unsere Stadt zur gelebten Demokratie und Nachhaltigkeit bei. Diese Akteur*innen wollen in gemeinsamer Zusammenarbeit f\u00fcr ein lebendiges, demokratisches und vielf\u00e4ltiges Zusammenleben einstehen.<br>Grundlegend sind die W\u00fcrde eines jeden Menschen, die Grund- und Menschenrechte sowie die Rechtsstaatlichkeit und Meinungsfreiheit innerhalb rechtlicher Grenzen. Dazu kommt das Streben nach sozialer Gerechtigkeit und einem leben frei von Diskriminierung f\u00fcr alle Menschen. Dieser wird getragen von: der Achtung vor der Vielfalt menschlicher Identit\u00e4ten; gleichen Chancen und Teilhabe-M\u00f6glichkeiten sowie solidarischer Unterst\u00fctzung.<br>Diese Werte leben die Unterzeichnenden in ihrer Organisation aktiv und vertreten diese nach au\u00dfen.<br>Die Erlanger Erkl\u00e4rung bietet ein Netzwerk um dabei im gemeinsamen Austausch miteinander und voneinander zu lernen. Gemeinsam k\u00f6nnen wirksame Ma\u00dfnahmen zu erarbeitet werden, um die Erlanger Stadtgesellschaft noch lebenswerter f\u00fcr alle zu machen.<\/p>\n\n\n\n<h4 class=\"wp-block-heading\">&#8230; ist EFIE Mitglied bei der Allianz gegen Rechtsextremismus in der Metropolregion N\u00fcrnberg<\/h4>\n\n\n\n<p>Die Allianz gegen Rechtsextremismus in der Europ\u00e4ischen Metropolregion N\u00fcrnberg versteht sich als unabh\u00e4ngiges und solidarisches Netzwerk. Egal welchen politischen, sozialen, religi\u00f6sen, nationalen oder rechtlichen Hintergrund die einzelnen Mitglieder haben, geht es in der Allianz gegen Rechtsextremismus darum:<\/p>\n\n\n\n<ul class=\"wp-block-list\">\n<li>allen Formen von gruppenbezogener Menschenfeindlichkeit<\/li>\n\n\n\n<li>insbesondere Rassismus,<\/li>\n\n\n\n<li>Antisemitismus,<\/li>\n\n\n\n<li>Antiziganismus,<\/li>\n\n\n\n<li>Islamfeindlichkeit sowie<\/li>\n\n\n\n<li>Menschenverachtung und<\/li>\n\n\n\n<li>Demokratiefeindlichkeit<\/li>\n<\/ul>\n\n\n\n<p>entschieden entgegenzutreten!<\/p>\n\n\n\n<h4 class=\"wp-block-heading\">&#8230; ist EFIE Mitglied bei unserVeto &#8211; Bayern<\/h4>\n\n\n\n<p>UnserVETO ist eine \u00fcberparteiliche B\u00fcrgerbewegung f\u00fcr alle ehrenamtlichen Fl\u00fcchtlingshelfer*innen! Ziele sind:<\/p>\n\n\n\n<ul class=\"wp-block-list\">\n<li>Hilfe f\u00fcr Ehrenamtliche in der Fl\u00fcchtlingshilfe und deren Vernetzung<\/li>\n\n\n\n<li>Gespr\u00e4che und Verhandlungen mit Parteien und politischen Entscheidungstr\u00e4gern (z.B. im bayerischen Innenministerium)<\/li>\n\n\n\n<li>Aktive \u00d6ffentlichkeits- und Pressearbeit<\/li>\n\n\n\n<li>Mit-Gestaltung positiver Fl\u00fcchtlingspolitik<\/li>\n\n\n\n<li>Gespr\u00e4ch mit B\u00fcrgern, die sich wegen Zuwanderung Sorgen machen<\/li>\n<\/ul>\n\n\n\n<hr class=\"wp-block-separator has-alpha-channel-opacity\"\/>\n\n\n\n<div class=\"wp-block-group\"><div class=\"wp-block-group__inner-container is-layout-constrained wp-block-group-is-layout-constrained\">\n<h4 class=\"wp-block-heading\">Schutzkonzept f\u00fcr Gefl\u00fcchtete und Ehrenamtliche<\/h4>\n\n\n\n<p>Die Ehrenamtlichen von EFIE begleiten im Rahmen ihrer T\u00e4tigkeit besonders schutzbed\u00fcrftige Menschen. Dabei geht es nicht nur um erwachsene Gefl\u00fcchtete, sondern im Rahmen der Hausaufgabenbetreuung und Familienbegleitung auch um Kinder und Jugendliche.<\/p>\n\n\n\n<p>Wir als Verein wollen sicherstellen, dass alle erforderlichen Rahmenbedingungen und Nachweise, die dem pr\u00e4ventiven Schutz der Personen zugutekommen, erbracht und gepr\u00fcft sind. Wir gehen mit allen uns zur Verf\u00fcgung stehenden Mitteln gegen sexualisierte, physische und psychische Gewalt, Misshandlung, Verwahrlosung und Vernachl\u00e4ssigung vor. Dazu geh\u00f6rt ebenfalls der Schutz unserer Mitglieder bei ihrer T\u00e4tigkeit. Neben den im Grundgesetz verankerten Werten orientieren wir uns dabei an den von uns gesetzten Leitlinien.<\/p>\n\n\n\n<p><a href=\"https:\/\/www.efie-erlangen.de\/WP\/wp-content\/uploads\/2024\/02\/EFIE_Schutzkonzept.pdf\" target=\"_blank\" rel=\"noreferrer noopener\">Das Schutzkonzept von EFIE findest Du hier<\/a><\/p>\n\n\n\n<hr class=\"wp-block-separator has-alpha-channel-opacity\"\/>\n\n\n\n<h4 class=\"wp-block-heading\">Grammaster und EFIE (Grammatiktraining und Vokabeltraining Deutsch)<\/h4>\n\n\n\n<p>Grammaster ist eine Software, die sich zum Lernen von Deutsch als Fremdsprache eignet und dabei kostenfrei ist.<\/p>\n\n\n\n<p><a href=\"https:\/\/lernen.grammaster.de\" target=\"_blank\" rel=\"noreferrer noopener\">https:\/\/lernen.grammaster.de<\/a><\/p>\n\n\n\n<div class=\"wp-block-pb-accordion-item c-accordion__item js-accordion-item no-js\" data-initially-open=\"false\" data-click-to-close=\"true\" data-auto-close=\"true\" data-scroll=\"false\" data-scroll-offset=\"0\"><h6 id=\"at-460\" class=\"c-accordion__title js-accordion-controller\" role=\"button\"><strong>Wie funktioniert Grammaster?<\/strong><\/h6><div id=\"ac-460\" class=\"c-accordion__content\">\n<p>Die Software eignet sich zum t\u00e4glichen Selbststudium. Aufgaben sind nach Schwierigkeit (von A1 bis B2) in einem Lernpfad geordnet. Falsch bearbeitete Aufgaben werden automatisch strukturiert wiederholt (Karteikastenprinzip). Sinnvollerweise lernt man t\u00e4glich z.B. mindestens 50 Aufgaben, dies dauert typisch ca. 15 Minuten.<\/p>\n\n\n\n<p>Grammaster bietet \u00fcber 8.000 Aufgaben, sowie Vokabeltraining mit Bildw\u00f6rterbuch.<\/p>\n<\/div><\/div>\n\n\n\n<div class=\"wp-block-pb-accordion-item c-accordion__item js-accordion-item no-js\" data-initially-open=\"false\" data-click-to-close=\"true\" data-auto-close=\"true\" data-scroll=\"false\" data-scroll-offset=\"0\"><h6 id=\"at-461\" class=\"c-accordion__title js-accordion-controller\" role=\"button\"><strong>Wer steht hinter Grammaster?<\/strong><\/h6><div id=\"ac-461\" class=\"c-accordion__content\">\n<p>Die Inhalte von Grammaster wird von Thomas Wagner kostenfrei zur Verf\u00fcgung gestellt. Entstanden ist Grammaster aus dessen Engagement bei uns, der Ehrenamtlichen Fl\u00fcchtlingsbetreuung in Erlangen. Wir wollen dieses Projekt unterst\u00fctzen und \u00fcberlassen ein angepasstes Onlineangebot allen privaten Nutzern und allen Schulen mit \u00dcbungslizenz.<\/p>\n<\/div><\/div>\n\n\n\n<p><a href=\"https:\/\/wiki.grammaster.de\/index.php?title=Hauptseite\" target=\"_blank\" rel=\"noreferrer noopener\">Mehr dazu hier<\/a><\/p>\n<\/div><\/div>\n","protected":false},"excerpt":{"rendered":"<p>EFIE ist ein Zusammenschluss engagierter B\u00fcrgerinnen und B\u00fcrger, die Asylsuchende sowie Gefl\u00fcchtete ehrenamtlich begleitet. Wir sind \u00fcberzeugt, dass niemand seine Heimat ohne Not verl\u00e4sst, um in einem fremden Land unter primitiven Verh\u00e4ltnissen zu leben und&hellip;<\/p>\n","protected":false},"author":6,"featured_media":0,"parent":0,"menu_order":0,"comment_status":"closed","ping_status":"closed","template":"","meta":{"footnotes":""},"coauthors":[42],"class_list":["post-46","page","type-page","status-publish","hentry"],"yoast_head":"<!-- This site is optimized with the Yoast SEO plugin v25.5 - https:\/\/yoast.com\/wordpress\/plugins\/seo\/ -->\n<title>Willkommen - EFIE<\/title>\n<meta name=\"robots\" content=\"index, follow, max-snippet:-1, max-image-preview:large, max-video-preview:-1\" \/>\n<link rel=\"canonical\" href=\"https:\/\/www.efie-erlangen.de\/WP\/\" \/>\n<meta property=\"og:locale\" content=\"de_DE\" \/>\n<meta property=\"og:type\" content=\"article\" \/>\n<meta property=\"og:title\" content=\"Willkommen - EFIE\" \/>\n<meta property=\"og:description\" content=\"EFIE ist ein Zusammenschluss engagierter B\u00fcrgerinnen und B\u00fcrger, die Asylsuchende sowie Gefl\u00fcchtete ehrenamtlich begleitet. Wir sind \u00fcberzeugt, dass niemand seine Heimat ohne Not verl\u00e4sst, um in einem fremden Land unter primitiven Verh\u00e4ltnissen zu leben und&hellip;\" \/>\n<meta property=\"og:url\" content=\"https:\/\/www.efie-erlangen.de\/WP\/\" \/>\n<meta property=\"og:site_name\" content=\"EFIE\" \/>\n<meta property=\"article:modified_time\" content=\"2026-02-21T08:40:47+00:00\" \/>\n<meta name=\"twitter:card\" content=\"summary_large_image\" \/>\n<meta name=\"twitter:label1\" content=\"Gesch\u00e4tzte Lesezeit\" \/>\n\t<meta name=\"twitter:data1\" content=\"4\u00a0Minuten\" \/>\n\t<meta name=\"twitter:label2\" content=\"Written by\" \/>\n\t<meta name=\"twitter:data2\" content=\"Philipp\" \/>\n<script type=\"application\/ld+json\" class=\"yoast-schema-graph\">{\"@context\":\"https:\/\/schema.org\",\"@graph\":[{\"@type\":\"WebPage\",\"@id\":\"https:\/\/www.efie-erlangen.de\/WP\/\",\"url\":\"https:\/\/www.efie-erlangen.de\/WP\/\",\"name\":\"Willkommen - EFIE\",\"isPartOf\":{\"@id\":\"https:\/\/www.efie-erlangen.de\/WP\/#website\"},\"datePublished\":\"2021-11-15T21:16:57+00:00\",\"dateModified\":\"2026-02-21T08:40:47+00:00\",\"breadcrumb\":{\"@id\":\"https:\/\/www.efie-erlangen.de\/WP\/#breadcrumb\"},\"inLanguage\":\"de\",\"potentialAction\":[{\"@type\":\"ReadAction\",\"target\":[\"https:\/\/www.efie-erlangen.de\/WP\/\"]}]},{\"@type\":\"BreadcrumbList\",\"@id\":\"https:\/\/www.efie-erlangen.de\/WP\/#breadcrumb\",\"itemListElement\":[{\"@type\":\"ListItem\",\"position\":1,\"name\":\"Startseite\",\"item\":\"https:\/\/www.efie-erlangen.de\/WP\/\"},{\"@type\":\"ListItem\",\"position\":2,\"name\":\"Willkommen\"}]},{\"@type\":\"WebSite\",\"@id\":\"https:\/\/www.efie-erlangen.de\/WP\/#website\",\"url\":\"https:\/\/www.efie-erlangen.de\/WP\/\",\"name\":\"EFIE\",\"description\":\"Ehrenamtliche Fl\u00fcchtlingsbetreuung in Erlangen EFIE e.V.\",\"potentialAction\":[{\"@type\":\"SearchAction\",\"target\":{\"@type\":\"EntryPoint\",\"urlTemplate\":\"https:\/\/www.efie-erlangen.de\/WP\/?s={search_term_string}\"},\"query-input\":{\"@type\":\"PropertyValueSpecification\",\"valueRequired\":true,\"valueName\":\"search_term_string\"}}],\"inLanguage\":\"de\"}]}<\/script>\n<!-- \/ Yoast SEO plugin. -->","yoast_head_json":{"title":"Willkommen - EFIE","robots":{"index":"index","follow":"follow","max-snippet":"max-snippet:-1","max-image-preview":"max-image-preview:large","max-video-preview":"max-video-preview:-1"},"canonical":"https:\/\/www.efie-erlangen.de\/WP\/","og_locale":"de_DE","og_type":"article","og_title":"Willkommen - EFIE","og_description":"EFIE ist ein Zusammenschluss engagierter B\u00fcrgerinnen und B\u00fcrger, die Asylsuchende sowie Gefl\u00fcchtete ehrenamtlich begleitet. Wir sind \u00fcberzeugt, dass niemand seine Heimat ohne Not verl\u00e4sst, um in einem fremden Land unter primitiven Verh\u00e4ltnissen zu leben und&hellip;","og_url":"https:\/\/www.efie-erlangen.de\/WP\/","og_site_name":"EFIE","article_modified_time":"2026-02-21T08:40:47+00:00","twitter_card":"summary_large_image","twitter_misc":{"Gesch\u00e4tzte Lesezeit":"4\u00a0Minuten","Written by":"Philipp"},"schema":{"@context":"https:\/\/schema.org","@graph":[{"@type":"WebPage","@id":"https:\/\/www.efie-erlangen.de\/WP\/","url":"https:\/\/www.efie-erlangen.de\/WP\/","name":"Willkommen - EFIE","isPartOf":{"@id":"https:\/\/www.efie-erlangen.de\/WP\/#website"},"datePublished":"2021-11-15T21:16:57+00:00","dateModified":"2026-02-21T08:40:47+00:00","breadcrumb":{"@id":"https:\/\/www.efie-erlangen.de\/WP\/#breadcrumb"},"inLanguage":"de","potentialAction":[{"@type":"ReadAction","target":["https:\/\/www.efie-erlangen.de\/WP\/"]}]},{"@type":"BreadcrumbList","@id":"https:\/\/www.efie-erlangen.de\/WP\/#breadcrumb","itemListElement":[{"@type":"ListItem","position":1,"name":"Startseite","item":"https:\/\/www.efie-erlangen.de\/WP\/"},{"@type":"ListItem","position":2,"name":"Willkommen"}]},{"@type":"WebSite","@id":"https:\/\/www.efie-erlangen.de\/WP\/#website","url":"https:\/\/www.efie-erlangen.de\/WP\/","name":"EFIE","description":"Ehrenamtliche Fl\u00fcchtlingsbetreuung in Erlangen EFIE e.V.","potentialAction":[{"@type":"SearchAction","target":{"@type":"EntryPoint","urlTemplate":"https:\/\/www.efie-erlangen.de\/WP\/?s={search_term_string}"},"query-input":{"@type":"PropertyValueSpecification","valueRequired":true,"valueName":"search_term_string"}}],"inLanguage":"de"}]}},"_links":{"self":[{"href":"https:\/\/www.efie-erlangen.de\/WP\/wp-json\/wp\/v2\/pages\/46","targetHints":{"allow":["GET"]}}],"collection":[{"href":"https:\/\/www.efie-erlangen.de\/WP\/wp-json\/wp\/v2\/pages"}],"about":[{"href":"https:\/\/www.efie-erlangen.de\/WP\/wp-json\/wp\/v2\/types\/page"}],"author":[{"embeddable":true,"href":"https:\/\/www.efie-erlangen.de\/WP\/wp-json\/wp\/v2\/users\/6"}],"replies":[{"embeddable":true,"href":"https:\/\/www.efie-erlangen.de\/WP\/wp-json\/wp\/v2\/comments?post=46"}],"version-history":[{"count":96,"href":"https:\/\/www.efie-erlangen.de\/WP\/wp-json\/wp\/v2\/pages\/46\/revisions"}],"predecessor-version":[{"id":7712,"href":"https:\/\/www.efie-erlangen.de\/WP\/wp-json\/wp\/v2\/pages\/46\/revisions\/7712"}],"wp:attachment":[{"href":"https:\/\/www.efie-erlangen.de\/WP\/wp-json\/wp\/v2\/media?parent=46"}],"wp:term":[{"taxonomy":"author","embeddable":true,"href":"https:\/\/www.efie-erlangen.de\/WP\/wp-json\/wp\/v2\/coauthors?post=46"}],"curies":[{"name":"wp","href":"https:\/\/api.w.org\/{rel}","templated":true}]}}