{"id":3,"date":"2021-10-20T16:28:53","date_gmt":"2021-10-20T14:28:53","guid":{"rendered":"https:\/\/www.efie-erlangen.de\/WP\/?page_id=3"},"modified":"2024-02-28T21:49:15","modified_gmt":"2024-02-28T20:49:15","slug":"datenschutzerklaerung","status":"publish","type":"page","link":"https:\/\/www.efie-erlangen.de\/WP\/datenschutzerklaerung\/","title":{"rendered":"Datenschutz"},"content":{"rendered":"\n<p>Die folgenden Hinweise geben einen einfachen \u00dcberblick dar\u00fcber, was mit Ihren personenbezogenen Daten passiert, wenn Sie <strong>unsere Website<\/strong> besuchen. Personenbezogene Daten sind alle Daten, mit denen Sie pers\u00f6nlich identifiziert werden k\u00f6nnen. Ausf\u00fchrliche Informationen zum Thema Datenschutz bei EFIE entnehmen Sie unserer <strong><a href=\"https:\/\/www.efie-erlangen.de\/WP\/wp-content\/uploads\/2024\/02\/EFIE_Datenschutzordnung.pdf\" data-type=\"link\" data-id=\"https:\/\/www.efie-erlangen.de\/WP\/wp-content\/uploads\/2024\/02\/EFIE_Datenschutzordnung.pdf\">Datenschutzordnung<\/a><\/strong>.<\/p>\n\n\n\n<p><strong>Benennung der verantwortlichen Stelle<\/strong><\/p>\n\n\n\n<p>Die verantwortliche Stelle f\u00fcr die Datenverarbeitung auf dieser Website ist:<\/p>\n\n\n\n<p>Ehrenamtliche Fl\u00fcchtlingsbetreuung in Erlangen e.V. (EFIE)<br>Monika Petersen (1. Vorsitzende)<br>Postadresse: EFIE e.V.&nbsp; c\/o Stadtteilzentrum ISAR 12, Isarstr.12&nbsp; 91052 Erlangen<br><a href=\"https:\/\/www.efie-erlangen.de\/WP\/kontakt-2\/\" data-type=\"page\" data-id=\"168\">Kontakt<\/a><\/p>\n\n\n\n<p>Die verantwortliche Stelle entscheidet allein oder gemeinsam mit anderen \u00fcber die Zwecke und Mittel der Verarbeitung von personenbezogenen Daten (z.B. Namen, Kontaktdaten o. \u00c4.).<\/p>\n\n\n\n<p><strong>Wie erfassen wir Ihre Daten?<\/strong><\/p>\n\n\n\n<p>Einige Daten werden erfasst, indem Sie uns diese mitteilen. Hierbei kann es sich z.B. um Daten handeln, die Sie in ein Kontaktformular eingeben.<br>Andere Daten werden automatisch beim Besuch der Website durch unsere IT-Systeme erhoben. Das sind vor allem technische Daten (z.B. Internetbrowser, Betriebssystem oder Uhrzeit des Seitenaufrufs). Die Erfassung dieser Daten erfolgt automatisch, sobald Sie unsere Website betreten.<\/p>\n\n\n\n<p><strong>Wof\u00fcr nutzen wir Ihre Daten?<\/strong><\/p>\n\n\n\n<p>Die Daten werden erhoben, um eine fehlerfreie Bereitstellung der Website zu gew\u00e4hrleisten. Daten zur Analyse Ihres Nutzerverhaltens werden nicht erhoben.<\/p>\n\n\n\n<p><strong>Ihre Rechte<\/strong><\/p>\n\n\n\n<p>Sie haben jederzeit das Recht unentgeltlich Auskunft \u00fcber Herkunft, Empf\u00e4nger und Zweck Ihrer gespeicherten personenbezogenen Daten zu erhalten. Sie haben au\u00dferdem ein Recht, die Berichtigung, Sperrung oder L\u00f6schung dieser Daten zu verlangen. Hierzu, sowie zu weiteren Fragen zum Thema Datenschutz k\u00f6nnen Sie sich jederzeit an die verantwortliche Stelle wenden. Des Weiteren steht Ihnen ein Beschwerderecht bei der zust\u00e4ndigen Aufsichtsbeh\u00f6rde zu. Die zust\u00e4ndige Aufsichtsbeh\u00f6rde bez\u00fcglich datenschutzrechtlicher Fragen ist der Landesdatenschutzbeauftragte f\u00fcr Bayern:<\/p>\n\n\n\n<p>Der Bayerische Landesbeauftragte f\u00fcr den Datenschutz<br>Dr. Thomas Petri<br>Wagm\u00fcllerstr. 18<br>80538 M\u00fcnchen<\/p>\n\n\n\n<p>Telefon: 089\/21 26 72-0<br>Telefax: 089\/21 26 72-50<br>E-Mail: <a href=\"mailto:poststelle@datenschutz-bayern.de\">poststelle@datenschutz-bayern.de<\/a><\/p>\n\n\n\n<p><strong>Analyse-Tools und Tools von Drittanbietern<\/strong><\/p>\n\n\n\n<p>Analyse-Tools und Tools von Drittanbietern zur statistischen Auswertung Ihres Nutzerverhaltens werden nicht eingesetzt.<\/p>\n\n\n\n<p><strong>Recht auf Daten\u00fcbertragbarkeit<\/strong><\/p>\n\n\n\n<p>Ihnen steht das Recht zu, Daten, die wir auf Grundlage Ihrer Einwilligung oder in Erf\u00fcllung eines Vertrags automatisiert verarbeiten, an sich oder an Dritte aush\u00e4ndigen zu lassen. Die Bereitstellung erfolgt in einem maschinenlesbaren Format. Sofern Sie die direkte \u00dcbertragung der Daten an einen anderen Verantwortlichen verlangen, erfolgt dies nur, soweit es technisch machbar ist.<\/p>\n\n\n\n<p><strong>Recht auf Auskunft, Berichtigung, Sperrung, L\u00f6schung<\/strong><\/p>\n\n\n\n<p>Sie haben jederzeit im Rahmen der geltenden gesetzlichen Bestimmungen das Recht auf unentgeltliche Auskunft \u00fcber Ihre gespeicherten personenbezogenen Daten, Herkunft der Daten, deren Empf\u00e4nger und den Zweck der Datenverarbeitung und ggf. ein Recht auf Berichtigung, Sperrung oder L\u00f6schung dieser Daten. Diesbez\u00fcglich und auch zu weiteren Fragen zum Thema personenbezogene Daten k\u00f6nnen Sie sich jederzeit \u00fcber die im Impressum aufgef\u00fchrten Kontaktm\u00f6glichkeiten an uns wenden.<\/p>\n\n\n\n<p><strong>SSL- bzw. TLS-Verschl\u00fcsselung<\/strong><\/p>\n\n\n\n<p>Diese Seite nutzt aus Sicherheitsgr\u00fcnden und zum Schutz der \u00dcbertragung vertraulicher Inhalte, wie zum Beispiel Bestellungen oder Anfragen, die Sie an uns als Seitenbetreiber senden, eine SSL-bzw. TLS-Verschl\u00fcsselung. Eine verschl\u00fcsselte Verbindung erkennen Sie daran, dass die Adresszeile des Browsers von \u201chttp:\/\/\u201d auf \u201chttps:\/\/\u201d wechselt und an dem Schloss-Symbol in Ihrer Browserzeile. Wenn die SSL- bzw. TLS-Verschl\u00fcsselung aktiviert ist, k\u00f6nnen die Daten, die Sie an uns \u00fcbermitteln, nicht von Dritten mitgelesen werden.<\/p>\n\n\n\n<p><strong>Registrierung auf dieser Website<\/strong><\/p>\n\n\n\n<p>Zur Nutzung bestimmter Funktionen k\u00f6nnen Sie sich auf unserer Website registrieren. Die \u00fcbermittelten Daten dienen ausschlie\u00dflich zum Zwecke der Nutzung des jeweiligen Angebotes oder Dienstes. Bei der Registrierung abgefragte Pflichtangaben sind vollst\u00e4ndig anzugeben. Andernfalls werden wir die Registrierung ablehnen.<\/p>\n\n\n\n<p>Im Falle wichtiger \u00c4nderungen, etwa aus technischen Gr\u00fcnden, informieren wir Sie per E-Mail. Die E-Mail wird an die Adresse versendet, die bei der Registrierung angegeben wurde.<\/p>\n\n\n\n<p>Die Verarbeitung der bei der Registrierung eingegebenen Daten erfolgt auf Grundlage Ihrer Einwilligung (Art. 6 Abs. 1 lit. a DSGVO). Ein Widerruf Ihrer bereits erteilten Einwilligung ist jederzeit m\u00f6glich. F\u00fcr den Widerruf gen\u00fcgt eine formlose Mitteilung per E-Mail. Die Rechtm\u00e4\u00dfigkeit der bereits erfolgten Datenverarbeitung bleibt vom Widerruf unber\u00fchrt. Wir speichern die bei der Registrierung erfassten Daten w\u00e4hrend des Zeitraums, den Sie auf unserer Website registriert sind. Ihren Daten werden gel\u00f6scht, sollten Sie Ihre Registrierung aufheben. Gesetzliche Aufbewahrungsfristen bleiben unber\u00fchrt.<\/p>\n\n\n\n<p><strong>Server Log Dateien<\/strong><\/p>\n\n\n\n<p>Der Provider der Seiten erhebt und speichert automatisch Informationen in so genannten Server-Log-Dateien, die Ihr Browser automatisch an uns \u00fcbermittelt. Dies sind:<\/p>\n\n\n\n<ul class=\"wp-block-list\">\n<li>Browsertyp und Browserversion<\/li>\n\n\n\n<li>verwendetes Betriebssystem<\/li>\n\n\n\n<li>Referrer URL<\/li>\n\n\n\n<li>Hostname des zugreifenden Rechners<\/li>\n\n\n\n<li>Uhrzeit der Serveranfrage<\/li>\n\n\n\n<li>IP-Adresse<\/li>\n<\/ul>\n\n\n\n<p>Die Verarbeitung dieser personenbezogenen Daten erfolgt grunds\u00e4tzlich in anonymisierter Form aus funktions- und sicherheitsrelevanten Gr\u00fcnden sowie zur Optimierung der Website. R\u00fcckschl\u00fcsse auf Ihre Person sind nicht m\u00f6glich. Diese Datenverarbeitung dient der Erf\u00fcllung unserer Aufgaben, d. h. die Grundlage f\u00fcr die Datenverarbeitung ist Art. 6 Abs. 1 lit. b DSGVO, der die Verarbeitung von Daten zur Erf\u00fcllung eines Vertrags oder vorvertraglicher Ma\u00dfnahmen gestattet. Eine Zusammenf\u00fchrung dieser Daten mit anderen Datenquellen wird nicht vorgenommen.<\/p>\n\n\n\n<p><strong>Cookies<\/strong><\/p>\n\n\n\n<p>Damit diese Website ordnungsgem\u00e4\u00df funktioniert, m\u00fcssen wir manchmal kleine Dateien (&#8222;Cookies&#8220;) auf den Ger\u00e4ten unserer Nutzer speichern. Ein Cookie ist eine kleine Datei, die beim Besuch einer Website auf Ihrem Computer oder mobilen Ger\u00e4t gespeichert wird. Mithilfe des Cookies kann sich die Website z. B. bestimmte Handlungen und Einstellungen (Benutzername, Sprache, Schriftgr\u00f6\u00dfe und andere Anzeigeparameter) f\u00fcr gewisse Zeit merken, so dass sie diese Informationen nicht bei jedem Besuch der Website oder beim Wechsel von einer Seite zu einer anderen erneut eingeben m\u00fcssen.<\/p>\n\n\n\n<p>Sie k\u00f6nnen Cookies nach Belieben \u00fcberpr\u00fcfen und\/oder l\u00f6schen. N\u00e4here Informationen dazu erhalten Sie unter aboutcookies.org. Sie haben die M\u00f6glichkeit, alle bereits auf Ihrem Computer gespeicherten Cookies zu l\u00f6schen und Sie k\u00f6nnen die meisten Browser so konfigurieren, dass Cookies blockiert werden. Dann m\u00fcssen Sie jedoch m\u00f6glicherweise jedes Mal, wenn Sie eine Website erneut besuchen, einige Einstellungen manuell vornehmen, und auf einige Dienste und Funktionen werden Sie unter Umst\u00e4nden nicht zugreifen k\u00f6nnen.<\/p>\n\n\n\n<h6 class=\"wp-block-heading\"><strong>Datenschutzerkl\u00e4rung f\u00fcr die Nutzung von YouTube<\/strong><\/h6>\n\n\n\n<p>Unsere Webseite nutzt Plugins der von Google betriebenen Seite YouTube. Betreiber der Seiten ist die YouTube, LLC, 901 Cherry Ave., San Bruno, CA 94066, USA. Wenn Sie eine unserer mit einem YouTube-Plugin ausgestatteten Seiten besuchen, wird eine Verbindung zu den Servern von YouTube hergestellt. Dabei wird dem Youtube-Server mitgeteilt, welche unserer Seiten Sie besucht haben.<br>Wenn Sie in Ihrem YouTube-Account eingeloggt sind erm\u00f6glichen Sie YouTube, Ihr Surfverhalten direkt Ihrem pers\u00f6nlichen Profil zuzuordnen. Dies k\u00f6nnen Sie verhindern, indem Sie sich aus Ihrem YouTube-Account ausloggen.<\/p>\n\n\n\n<p>Weitere Informationen zum Umgang von Nutzerdaten finden Sie in der Datenschutzerkl\u00e4rung von YouTube unter <a href=\"https:\/\/www.google.de\/intl\/de\/policies\/privacy\">https:\/\/www.google.de\/intl\/de\/policies\/privacy<\/a><\/p>\n\n\n\n<h6 class=\"wp-block-heading\"><strong>Nutzung von Google Web Fonts<\/strong><\/h6>\n\n\n\n<p>Diese Seite nutzt zur einheitlichen Darstellung von Schriftarten so genannte Web Fonts die von der Google LLC., 1600 Amphitheatre Parkway, Mountain View, CA 94043, USA (\u201eGoogle\u201c) bereitgestellt werden. Beim Aufruf einer Seite l\u00e4dt Ihr Browser die ben\u00f6tigten Web Fonts in ihren Browser-Cache, um Texte und Schriftarten korrekt anzuzeigen.<\/p>\n\n\n\n<p>Zu diesem Zweck muss der von Ihnen verwendete Browser Verbindung zu den Servern von Google aufnehmen. Hierdurch erlangt Google Kenntnis dar\u00fcber, dass \u00fcber Ihre IP-Adresse unsere Website aufgerufen wurde. Die Nutzung von Google Web Fonts erfolgt im Interesse einer einheitlichen und ansprechenden Darstellung unserer Online-Angebote. Dies stellt ein berechtigtes Interesse im Sinne von Art. 6 Abs. 1 lit. f DSGVO dar. Wenn Ihr Browser Web Fonts nicht unterst\u00fctzt, wird eine Standardschrift von Ihrem Computer genutzt.<\/p>\n\n\n\n<p>Google LLC mit Sitz in den USA ist f\u00fcr das us-europ\u00e4ische Datenschutz\u00fcbereinkommen \u201ePrivacy Shield\u201c zertifiziert, welches die Einhaltung des in der EU geltenden Datenschutzniveaus gew\u00e4hrleistet.<\/p>\n\n\n\n<p>Weitere Informationen zu Google Web Fonts finden Sie unter <a href=\"https:\/\/developers.google.com\/fonts\/faq\">https:\/\/developers.google.com\/fonts\/faq<\/a> und in der Datenschutzerkl\u00e4rung von Google:<a href=\"https:\/\/www.google.com\/policies\/privacy\/\"> https:\/\/www.google.com\/policies\/privacy\/<\/a><\/p>\n\n\n\n<h6 class=\"wp-block-heading\"><strong>Einsatz von Google Maps<\/strong><\/h6>\n\n\n\n<p>Wir verwenden auf unserer Webseite das Angebot von \u201eGoogle Maps\u201c, einem Online-Kartendienst der Google Inc., 1600 Amphitheatre Parkway, Mountain View, CA 94043, USA (nachfolgend bezeichnet als: \u201eGoogle\u201c). Dadurch k\u00f6nnen wir Ihnen interaktive Karten direkt in der Webseite anzeigen und erm\u00f6glichen Ihnen die komfortable Nutzung der Karten-Funktion. Durch Ihren Besuch auf unserer Webseite erh\u00e4lt Google die Information, dass Sie die entsprechende Unterseite unserer Webseite aufgerufen haben. Dabei wird Ihre IP-Adresse \u00fcbermittelt. Dies erfolgt unabh\u00e4ngig davon, ob Google ein Nutzerkonto bereitstellt, \u00fcber das Sie eingeloggt sind, oder ob kein Nutzerkonto besteht. Wenn Sie bei Google eingeloggt sind, werden Ihre Daten direkt Ihrem Konto zugeordnet. Wenn Sie die Zuordnung mit Ihrem Profil bei Google nicht w\u00fcnschen, m\u00fcssen Sie sich vorab ausloggen. Google speichert Ihre Daten als Nutzungsprofile und nutzt sie f\u00fcr Zwecke der Werbung, Marktforschung und\/oder bedarfsgerechten Gestaltung der Webseite. Eine solche Auswertung erfolgt insbesondere (selbst f\u00fcr nicht eingeloggte Nutzer) zur Erbringung von bedarfsgerechter Werbung und um andere Nutzer \u00fcber Ihre Aktivit\u00e4ten auf unserer Webseite zu informieren.<\/p>\n\n\n\n<p>Wir verwenden Google Maps, um Ihnen interaktive Karten von Google Maps anzeigen zu k\u00f6nnen und so Ihnen ein besseres Nutzungserlebnis unserer Webseite zu erm\u00f6glichen. Hierin liegt auch unser berechtigtes Interesse.<\/p>\n\n\n\n<p>Ihnen steht ein Widerspruchsrecht zu gegen die Bildung dieser Nutzerprofile, wobei Sie sich hierf\u00fcr an Google wenden m\u00fcssen.<\/p>\n\n\n\n<p>Google hat sich dem zwischen der Europ\u00e4ischen Union und den USA geschlossenen Privacy-Shield-Abkommen unterworfen und sich zertifiziert. Dadurch verpflichtet sich Google, die Standards und Vorschriften des europ\u00e4ischen Datenschutzrechts einzuhalten. N\u00e4here Informationen k\u00f6nnen Sie dem nachfolgend verlinkten Eintrag entnehmen: <a href=\"https:\/\/www.privacyshield.gov\/participant?id=a2zt000000001L5AAI&amp;status=Active\">https:\/\/www.privacyshield.gov\/participantid=a2zt000000001L5AAI&amp;status=Active<\/a><\/p>\n\n\n\n<p>Weitere Informationen zu Zweck und Umfang der Datenerhebung und ihrer Verarbeitung durch den Plug-in-Anbieter erhalten Sie in den Datenschutzerkl\u00e4rungen des Anbieters. Dort erhalten Sie auch weitere Informationen zu Ihren diesbez\u00fcglichen Rechten und Einstellungsm\u00f6glichkeiten zum Schutze Ihrer Privatsph\u00e4re: <a href=\"http:\/\/www.google.de\/intl\/de\/policies\/privacy.\">http:\/\/www.google.de\/intl\/de\/policies\/privacy.<\/a><\/p>\n\n\n\n<h6 class=\"wp-block-heading\">Newsletter<\/h6>\n\n\n\n<p class=\"has-normal-font-size\">Mit den nachfolgenden Hinweisen informieren wir Sie \u00fcber die Inhalte unseres Newsletters sowie das Anmelde-, Versand- und das statistische Auswertungsverfahren sowie Ihre Widerspruchsrechte auf. Indem Sie unseren Newsletter abonnieren, erkl\u00e4ren Sie sich mit dem Empfang und den beschriebenen Verfahren einverstanden.<br>Inhalt des Newsletters: Wir versenden Newsletter, E-Mails und weitere elektronische Benachrichtigungen mit werblichen Informationen (nachfolgend \u201eNewsletter\u201c) nur mit der Einwilligung der Empf\u00e4nger oder einer gesetzlichen Erlaubnis. Sofern im Rahmen einer Anmeldung zum Newsletter dessen Inhalte konkret umschrieben werden, sind sie f\u00fcr die Einwilligung der Nutzer ma\u00dfgeblich. Im \u00dcbrigen enthalten unsere Newsletter Informationen zu unseren Leistungen und uns.<br>Double-Opt-In und Protokollierung: Die Anmeldung zu unserem Newsletter erfolgt in einem sog. Double-Opt-In-Verfahren. D.h. Sie erhalten nach der Anmeldung eine E-Mail, in der Sie um die Best\u00e4tigung Ihrer Anmeldung gebeten werden. Diese Best\u00e4tigung ist notwendig, damit sich niemand mit fremden E-Mailadressen anmelden kann. Die Anmeldungen zum Newsletter werden protokolliert, um den Anmeldeprozess entsprechend den rechtlichen Anforderungen nachweisen zu k\u00f6nnen. Hierzu geh\u00f6rt die Speicherung des Anmelde- und des Best\u00e4tigungszeitpunkts, als auch der IP-Adresse. Ebenso werden die \u00c4nderungen Ihrer bei dem Versanddienstleister gespeicherten Daten protokolliert.<\/p>\n\n\n\n<p>Anmeldedaten: Um sich f\u00fcr den Newsletter anzumelden, reicht es aus, wenn Sie Ihre E-Mailadresse angeben. Optional bitten wir Sie einen Namen zwecks pers\u00f6nlicher Ansprache im Newsletters anzugeben.<\/p>\n\n\n\n<p>Der Versand des Newsletters und die mit ihm verbundene Erfolgsmessung erfolgt auf Grundlage einer Einwilligung der Empf\u00e4nger gem. Art. 6 Abs. 1 lit. a, Art. 7 DSGVO i.V.m \u00a7 7 Abs. 2 Nr. 3 UWG bzw. auf Grundlage der gesetzlichen Erlaubnis gem. \u00a7 7 Abs. 3 UWG.<\/p>\n\n\n\n<p>Die Protokollierung des Anmeldeverfahrens erfolgt auf Grundlage unserer berechtigten Interessen gem. Art. 6 Abs. 1 lit. f DSGVO. Unser Interesse richtet sich auf den Einsatz eines nutzerfreundlichen sowie sicheren Newslettersystems, das sowohl unseren gesch\u00e4ftlichen Interessen dient, als auch den Erwartungen der Nutzer entspricht und uns ferner den Nachweis von Einwilligungen erlaubt.<\/p>\n\n\n\n<p>K\u00fcndigung\/Widerruf \u2013 Sie k\u00f6nnen den Empfang unseres Newsletters jederzeit k\u00fcndigen, d.h. Ihre Einwilligungen widerrufen. Einen Link zur K\u00fcndigung des Newsletters finden Sie am Ende eines jeden Newsletters. Wir k\u00f6nnen die ausgetragenen E-Mailadressen bis zu drei Jahren auf Grundlage unserer berechtigten Interessen speichern bevor wir sie f\u00fcr Zwecke des Newsletterversandes l\u00f6schen, um eine ehemals gegebene Einwilligung nachweisen zu k\u00f6nnen. Die Verarbeitung dieser Daten wird auf den Zweck einer m\u00f6glichen Abwehr von Anspr\u00fcchen beschr\u00e4nkt. Ein individueller L\u00f6schungsantrag ist jederzeit m\u00f6glich, sofern zugleich das ehemalige Bestehen einer Einwilligung best\u00e4tigt wird.<\/p>\n\n\n\n<p>Newsletter \u2013 Versanddienstleister<\/p>\n\n\n\n<p>Der Versand der Newsletter erfolgt mittels des Versanddienstleisters MailPoet \u2013 ein Produkt von Wysija SARL, 6 rue Dieud\u00e9, 13006, Marseille, FRANCE. Die Datenschutzbestimmungen des Versanddienstleisters k\u00f6nnen Sie hier einsehen: https:\/\/www.mailpoet.com\/privacy-notice\/. Der Versanddienstleister wird auf Grundlage unserer berechtigten Interessen gem. Art. 6 Abs. 1 lit. f DSGVO und eines Auftragsverarbeitungsvertrages gem. Art. 28 Abs. 3 S. 1 DSGVO eingesetzt.<\/p>\n\n\n\n<p>Der Versanddienstleister MailPoet kann die Daten der Empf\u00e4nger in pseudonymer Form, d.h. ohne Zuordnung zu einem Nutzer, zur Optimierung oder Verbesserung der eigenen Services nutzen, z.B. zur technischen Optimierung des Versandes und der Darstellung der Newsletter oder f\u00fcr statistische Zwecke verwenden. Der Versanddienstleister nutzt die Daten unserer Newsletterempf\u00e4nger jedoch nicht, um diese selbst anzuschreiben oder um die Daten an Dritte weiterzugeben.<\/p>\n\n\n\n<p>Newsletter \u2013 Erfolgsmessung<\/p>\n\n\n\n<p>Die Newsletter enthalten einen sog. \u201eweb-beacon\u201c, d.h. eine pixelgro\u00dfe Datei, die beim \u00d6ffnen des Newsletters von unserem Server, bzw. sofern wir einen Versanddienstleister einsetzen, von dessen Server abgerufen wird. Im Rahmen dieses Abrufs werden zun\u00e4chst technische Informationen, wie Informationen zum Browser und Ihrem System, als auch Ihre IP-Adresse und Zeitpunkt des Abrufs erhoben.<\/p>\n\n\n\n<p>Diese Informationen werden zur technischen Verbesserung der Services anhand der technischen Daten oder der Zielgruppen und ihres Leseverhaltens anhand derer Abruforte (die mit Hilfe der IP-Adresse bestimmbar sind) oder der Zugriffszeiten genutzt. Zu den statistischen Erhebungen geh\u00f6rt ebenfalls die Feststellung, ob die Newsletter ge\u00f6ffnet werden, wann sie ge\u00f6ffnet werden und welche Links geklickt werden. Diese Informationen k\u00f6nnen aus technischen Gr\u00fcnden zwar den einzelnen Newsletterempf\u00e4ngerinnen* zugeordnet werden. Es ist jedoch weder unser Bestreben, noch, sofern eingesetzt, das des Versanddienstleisters, einzelne Nutzerinnen* zu beobachten. Die Auswertungen dienen uns viel mehr dazu, die Lesegewohnheiten unserer Nutzerinnen* zu erkennen und unsere Inhalte auf sie anzupassen oder unterschiedliche Inhalte entsprechend den Interessen unserer Nutzerinnen* zu versenden.<\/p>\n","protected":false},"excerpt":{"rendered":"<p>Die folgenden Hinweise geben einen einfachen \u00dcberblick dar\u00fcber, was mit Ihren personenbezogenen Daten passiert, wenn Sie unsere Website besuchen. Personenbezogene Daten sind alle Daten, mit denen Sie pers\u00f6nlich identifiziert werden k\u00f6nnen. Ausf\u00fchrliche Informationen zum Thema&hellip;<\/p>\n","protected":false},"author":3,"featured_media":0,"parent":0,"menu_order":0,"comment_status":"closed","ping_status":"open","template":"","meta":{"footnotes":""},"coauthors":[41],"class_list":["post-3","page","type-page","status-publish","hentry"],"yoast_head":"<!-- This site is optimized with the Yoast SEO plugin v27.4 - https:\/\/yoast.com\/product\/yoast-seo-wordpress\/ -->\n<title>Datenschutz - EFIE<\/title>\n<meta name=\"robots\" content=\"index, follow, max-snippet:-1, max-image-preview:large, max-video-preview:-1\" \/>\n<link rel=\"canonical\" href=\"https:\/\/www.efie-erlangen.de\/WP\/datenschutzerklaerung\/\" \/>\n<meta property=\"og:locale\" content=\"de_DE\" \/>\n<meta property=\"og:type\" content=\"article\" \/>\n<meta property=\"og:title\" content=\"Datenschutz - EFIE\" \/>\n<meta property=\"og:description\" content=\"Die folgenden Hinweise geben einen einfachen \u00dcberblick dar\u00fcber, was mit Ihren personenbezogenen Daten passiert, wenn Sie unsere Website besuchen. Personenbezogene Daten sind alle Daten, mit denen Sie pers\u00f6nlich identifiziert werden k\u00f6nnen. Ausf\u00fchrliche Informationen zum Thema&hellip;\" \/>\n<meta property=\"og:url\" content=\"https:\/\/www.efie-erlangen.de\/WP\/datenschutzerklaerung\/\" \/>\n<meta property=\"og:site_name\" content=\"EFIE\" \/>\n<meta property=\"article:modified_time\" content=\"2024-02-28T20:49:15+00:00\" \/>\n<meta name=\"twitter:card\" content=\"summary_large_image\" \/>\n<meta name=\"twitter:label1\" content=\"Gesch\u00e4tzte Lesezeit\" \/>\n\t<meta name=\"twitter:data1\" content=\"3\u00a0Minuten\" \/>\n\t<meta name=\"twitter:label2\" content=\"Written by\" \/>\n\t<meta name=\"twitter:data2\" content=\"Hartmut\" \/>\n<script type=\"application\/ld+json\" class=\"yoast-schema-graph\">{\"@context\":\"https:\\\/\\\/schema.org\",\"@graph\":[{\"@type\":\"WebPage\",\"@id\":\"https:\\\/\\\/www.efie-erlangen.de\\\/WP\\\/datenschutzerklaerung\\\/\",\"url\":\"https:\\\/\\\/www.efie-erlangen.de\\\/WP\\\/datenschutzerklaerung\\\/\",\"name\":\"Datenschutz - EFIE\",\"isPartOf\":{\"@id\":\"https:\\\/\\\/www.efie-erlangen.de\\\/WP\\\/#website\"},\"datePublished\":\"2021-10-20T14:28:53+00:00\",\"dateModified\":\"2024-02-28T20:49:15+00:00\",\"breadcrumb\":{\"@id\":\"https:\\\/\\\/www.efie-erlangen.de\\\/WP\\\/datenschutzerklaerung\\\/#breadcrumb\"},\"inLanguage\":\"de\",\"potentialAction\":[{\"@type\":\"ReadAction\",\"target\":[\"https:\\\/\\\/www.efie-erlangen.de\\\/WP\\\/datenschutzerklaerung\\\/\"]}]},{\"@type\":\"BreadcrumbList\",\"@id\":\"https:\\\/\\\/www.efie-erlangen.de\\\/WP\\\/datenschutzerklaerung\\\/#breadcrumb\",\"itemListElement\":[{\"@type\":\"ListItem\",\"position\":1,\"name\":\"Startseite\",\"item\":\"https:\\\/\\\/www.efie-erlangen.de\\\/WP\\\/\"},{\"@type\":\"ListItem\",\"position\":2,\"name\":\"Datenschutz\"}]},{\"@type\":\"WebSite\",\"@id\":\"https:\\\/\\\/www.efie-erlangen.de\\\/WP\\\/#website\",\"url\":\"https:\\\/\\\/www.efie-erlangen.de\\\/WP\\\/\",\"name\":\"EFIE\",\"description\":\"Ehrenamtliche Fl\u00fcchtlingsbetreuung in Erlangen EFIE e.V.\",\"potentialAction\":[{\"@type\":\"SearchAction\",\"target\":{\"@type\":\"EntryPoint\",\"urlTemplate\":\"https:\\\/\\\/www.efie-erlangen.de\\\/WP\\\/?s={search_term_string}\"},\"query-input\":{\"@type\":\"PropertyValueSpecification\",\"valueRequired\":true,\"valueName\":\"search_term_string\"}}],\"inLanguage\":\"de\"}]}<\/script>\n<!-- \/ Yoast SEO plugin. -->","yoast_head_json":{"title":"Datenschutz - EFIE","robots":{"index":"index","follow":"follow","max-snippet":"max-snippet:-1","max-image-preview":"max-image-preview:large","max-video-preview":"max-video-preview:-1"},"canonical":"https:\/\/www.efie-erlangen.de\/WP\/datenschutzerklaerung\/","og_locale":"de_DE","og_type":"article","og_title":"Datenschutz - EFIE","og_description":"Die folgenden Hinweise geben einen einfachen \u00dcberblick dar\u00fcber, was mit Ihren personenbezogenen Daten passiert, wenn Sie unsere Website besuchen. Personenbezogene Daten sind alle Daten, mit denen Sie pers\u00f6nlich identifiziert werden k\u00f6nnen. Ausf\u00fchrliche Informationen zum Thema&hellip;","og_url":"https:\/\/www.efie-erlangen.de\/WP\/datenschutzerklaerung\/","og_site_name":"EFIE","article_modified_time":"2024-02-28T20:49:15+00:00","twitter_card":"summary_large_image","twitter_misc":{"Gesch\u00e4tzte Lesezeit":"3\u00a0Minuten","Written by":"Hartmut"},"schema":{"@context":"https:\/\/schema.org","@graph":[{"@type":"WebPage","@id":"https:\/\/www.efie-erlangen.de\/WP\/datenschutzerklaerung\/","url":"https:\/\/www.efie-erlangen.de\/WP\/datenschutzerklaerung\/","name":"Datenschutz - EFIE","isPartOf":{"@id":"https:\/\/www.efie-erlangen.de\/WP\/#website"},"datePublished":"2021-10-20T14:28:53+00:00","dateModified":"2024-02-28T20:49:15+00:00","breadcrumb":{"@id":"https:\/\/www.efie-erlangen.de\/WP\/datenschutzerklaerung\/#breadcrumb"},"inLanguage":"de","potentialAction":[{"@type":"ReadAction","target":["https:\/\/www.efie-erlangen.de\/WP\/datenschutzerklaerung\/"]}]},{"@type":"BreadcrumbList","@id":"https:\/\/www.efie-erlangen.de\/WP\/datenschutzerklaerung\/#breadcrumb","itemListElement":[{"@type":"ListItem","position":1,"name":"Startseite","item":"https:\/\/www.efie-erlangen.de\/WP\/"},{"@type":"ListItem","position":2,"name":"Datenschutz"}]},{"@type":"WebSite","@id":"https:\/\/www.efie-erlangen.de\/WP\/#website","url":"https:\/\/www.efie-erlangen.de\/WP\/","name":"EFIE","description":"Ehrenamtliche Fl\u00fcchtlingsbetreuung in Erlangen EFIE e.V.","potentialAction":[{"@type":"SearchAction","target":{"@type":"EntryPoint","urlTemplate":"https:\/\/www.efie-erlangen.de\/WP\/?s={search_term_string}"},"query-input":{"@type":"PropertyValueSpecification","valueRequired":true,"valueName":"search_term_string"}}],"inLanguage":"de"}]}},"_links":{"self":[{"href":"https:\/\/www.efie-erlangen.de\/WP\/wp-json\/wp\/v2\/pages\/3","targetHints":{"allow":["GET"]}}],"collection":[{"href":"https:\/\/www.efie-erlangen.de\/WP\/wp-json\/wp\/v2\/pages"}],"about":[{"href":"https:\/\/www.efie-erlangen.de\/WP\/wp-json\/wp\/v2\/types\/page"}],"author":[{"embeddable":true,"href":"https:\/\/www.efie-erlangen.de\/WP\/wp-json\/wp\/v2\/users\/3"}],"replies":[{"embeddable":true,"href":"https:\/\/www.efie-erlangen.de\/WP\/wp-json\/wp\/v2\/comments?post=3"}],"version-history":[{"count":9,"href":"https:\/\/www.efie-erlangen.de\/WP\/wp-json\/wp\/v2\/pages\/3\/revisions"}],"predecessor-version":[{"id":3870,"href":"https:\/\/www.efie-erlangen.de\/WP\/wp-json\/wp\/v2\/pages\/3\/revisions\/3870"}],"wp:attachment":[{"href":"https:\/\/www.efie-erlangen.de\/WP\/wp-json\/wp\/v2\/media?parent=3"}],"wp:term":[{"taxonomy":"author","embeddable":true,"href":"https:\/\/www.efie-erlangen.de\/WP\/wp-json\/wp\/v2\/coauthors?post=3"}],"curies":[{"name":"wp","href":"https:\/\/api.w.org\/{rel}","templated":true}]}}